{"id":2397,"date":"2024-02-28T08:47:15","date_gmt":"2024-02-28T07:47:15","guid":{"rendered":"https:\/\/aubp.ch\/the-association\/become-a-member\/"},"modified":"2024-06-09T03:42:56","modified_gmt":"2024-06-09T01:42:56","slug":"become-a-member","status":"publish","type":"page","link":"https:\/\/aubp.ch\/en\/the-association\/become-a-member\/","title":{"rendered":"Become a member"},"content":{"rendered":"<div class=\"fusion-fullwidth fullwidth-box fusion-builder-row-1 fusion-flex-container has-pattern-background has-mask-background nonhundred-percent-fullwidth non-hundred-percent-height-scrolling\" style=\"--awb-border-radius-top-left:0px;--awb-border-radius-top-right:0px;--awb-border-radius-bottom-right:0px;--awb-border-radius-bottom-left:0px;--awb-margin-bottom:30px;--awb-flex-wrap:wrap;\" ><div class=\"fusion-builder-row fusion-row fusion-flex-align-items-flex-start fusion-flex-content-wrap\" style=\"max-width:1331.2px;margin-left: calc(-4% \/ 2 );margin-right: calc(-4% \/ 2 );\"><div class=\"fusion-layout-column fusion_builder_column fusion-builder-column-0 fusion_builder_column_1_1 1_1 fusion-flex-column\" style=\"--awb-bg-size:cover;--awb-width-large:100%;--awb-margin-top-large:0px;--awb-spacing-right-large:1.92%;--awb-margin-bottom-large:20px;--awb-spacing-left-large:1.92%;--awb-width-medium:100%;--awb-order-medium:0;--awb-spacing-right-medium:1.92%;--awb-spacing-left-medium:1.92%;--awb-width-small:100%;--awb-order-small:0;--awb-spacing-right-small:1.92%;--awb-spacing-left-small:1.92%;\"><div class=\"fusion-column-wrapper fusion-column-has-shadow fusion-flex-justify-content-flex-start fusion-content-layout-column\"><div class=\"fusion-title title fusion-title-1 fusion-sep-none fusion-title-text fusion-title-size-one\" style=\"--awb-margin-top-small:10px;--awb-margin-right-small:0px;--awb-margin-bottom-small:10px;--awb-margin-left-small:0px;\"><h1 class=\"fusion-title-heading title-heading-left\" style=\"margin:0;text-transform:uppercase;\">Become a member<\/h1><\/div><\/div><\/div><div class=\"fusion-layout-column fusion_builder_column fusion-builder-column-1 fusion_builder_column_2_3 2_3 fusion-flex-column\" style=\"--awb-bg-size:cover;--awb-width-large:66.666666666667%;--awb-margin-top-large:0px;--awb-spacing-right-large:2.88%;--awb-margin-bottom-large:20px;--awb-spacing-left-large:2.88%;--awb-width-medium:66.666666666667%;--awb-order-medium:0;--awb-spacing-right-medium:2.88%;--awb-spacing-left-medium:2.88%;--awb-width-small:100%;--awb-order-small:0;--awb-spacing-right-small:1.92%;--awb-spacing-left-small:1.92%;\"><div class=\"fusion-column-wrapper fusion-column-has-shadow fusion-flex-justify-content-flex-start fusion-content-layout-column\"><div class=\"fusion-text fusion-text-1\"><p>The Association des Usag\u00e8re.ers.x des Bains des P\u00e2quis (AUBP) is a vibrant community that works to enhance the value and dynamism of the Bains des P\u00e2quis. Our association is open to all, encouraging involvement at various levels.<\/p>\n<\/p>\n<h3><b style=\"font-family: 'Bains des Paquis';\" data-fusion-font=\"true\">Support Les Bains: Become a Member!<\/b><\/h3>\n<p><b style=\"font-family: 'Bains des Paquis';\" data-fusion-font=\"true\"><br \/><\/b><\/p>\n<p><b>AUBP membership is simple:<\/b> with a minimum annual fee of <b>20 francs<\/b>By becoming a member, you support the Bains and contribute to the upkeep and enrichment of this exceptional site. This first step keeps you informed of the activities, projects and events that take place at the Bains throughout the year. A general meeting, to which you are invited, is held every year in June.<\/p>\n<\/p>\n<p>Beyond this membership, <b>some members choose to get more involved <\/b>by taking an active part in the life of the association. These volunteer members are active in specific working groups &#8211; from site maintenance to the organization of cultural events and sporting activities. These groups are the driving force behind the Baths&#8217; initiatives and require a monthly commitment.<\/p>\n<\/p>\n<p>To join one of these working groups, it&#8217;s essential to contact the relevant group directly.  <span style=\"background-color: var(--awb-bg-color-hover); color: var(--awb-text-color); font-family: var(--awb-text-font-family); font-size: var(--awb-font-size); font-style: var(--awb-text-font-style); font-weight: var(--awb-text-font-weight); letter-spacing: var(--awb-letter-spacing); text-align: var(--awb-content-alignment); text-transform: var(--awb-text-transform);\">Commitment to these teams requires knowledge of the site and the spirit of Les Bains, as well as a willingness to take an active part in the various projects.<\/span><\/p>\n<p><span style=\"color: var(--awb-text-color); font-family: var(--awb-text-font-family); font-size: var(--awb-font-size); font-style: var(--awb-text-font-style); font-weight: var(--awb-text-font-weight); letter-spacing: var(--awb-letter-spacing); text-align: var(--awb-content-alignment); text-transform: var(--awb-text-transform); background-color: var(--awb-bg-color-hover);\"><br \/><\/span><\/p>\n<p><b>Interested in deepening your commitment?  <\/b><\/p>\n<p>If you&#8217;d like to contribute more actively to AUBP, we encourage you to contact us. Write to us at info@aubp.ch or contact the rotunda. We&#8217;ll be delighted to welcome you to our team.<\/p>\n<\/p>\n<p><b>Together, let&#8217;s make the Bains des P\u00e2quis an even more welcoming, lively and welcoming place!<\/b><\/p><\/p>\n<\/div><div ><a class=\"fusion-button button-flat fusion-button-default-size button-default fusion-button-default button-1 fusion-button-default-span fusion-button-default-type\" style=\"--button_margin-top:30px;--button_margin-bottom:50px;\" target=\"lightbox\" rel=\"iLightbox\" href=\"https:\/\/aubp.ch\/en\/pdfviewer\/charter\/?auto_viewer=true#page=&amp;zoom=page-fit&amp;pagemode=bookmarks\"><span class=\"fusion-button-text awb-button__text awb-button__text--default\">Charter<\/span><\/a><\/div><div class=\"fusion-image-element \" style=\"--awb-caption-title-font-family:var(--h2_typography-font-family);--awb-caption-title-font-weight:var(--h2_typography-font-weight);--awb-caption-title-font-style:var(--h2_typography-font-style);--awb-caption-title-size:var(--h2_typography-font-size);--awb-caption-title-transform:var(--h2_typography-text-transform);--awb-caption-title-line-height:var(--h2_typography-line-height);--awb-caption-title-letter-spacing:var(--h2_typography-letter-spacing);\"><span class=\" fusion-imageframe imageframe-none imageframe-1 hover-type-none\"><a href=\"https:\/\/aubp.ch\/wp-content\/uploads\/2023\/09\/Capture-decran-2022-09-19-a-10.14.24.png\" class=\"fusion-lightbox\" data-rel=\"iLightbox[00e9b891d7887249ca3]\" data-title=\"Capture d\u2019e\u0301cran 2022-09-19 a\u0300 10.14.24\" title=\"Capture d\u2019e\u0301cran 2022-09-19 a\u0300 10.14.24\"><img decoding=\"async\" width=\"1826\" height=\"884\" src=\"https:\/\/aubp.ch\/wp-content\/uploads\/2023\/09\/Capture-decran-2022-09-19-a-10.14.24.png\" data-orig-src=\"https:\/\/aubp.ch\/wp-content\/uploads\/2023\/09\/Capture-decran-2022-09-19-a-10.14.24.png\" alt class=\"lazyload img-responsive wp-image-2200\" srcset=\"data:image\/svg+xml,%3Csvg%20xmlns%3D%27http%3A%2F%2Fwww.w3.org%2F2000%2Fsvg%27%20width%3D%271826%27%20height%3D%27884%27%20viewBox%3D%270%200%201826%20884%27%3E%3Crect%20width%3D%271826%27%20height%3D%27884%27%20fill-opacity%3D%220%22%2F%3E%3C%2Fsvg%3E\" data-srcset=\"https:\/\/aubp.ch\/wp-content\/uploads\/2023\/09\/Capture-decran-2022-09-19-a-10.14.24-200x97.png 200w, https:\/\/aubp.ch\/wp-content\/uploads\/2023\/09\/Capture-decran-2022-09-19-a-10.14.24-400x194.png 400w, https:\/\/aubp.ch\/wp-content\/uploads\/2023\/09\/Capture-decran-2022-09-19-a-10.14.24-600x290.png 600w, https:\/\/aubp.ch\/wp-content\/uploads\/2023\/09\/Capture-decran-2022-09-19-a-10.14.24-800x387.png 800w, https:\/\/aubp.ch\/wp-content\/uploads\/2023\/09\/Capture-decran-2022-09-19-a-10.14.24-1200x581.png 1200w, https:\/\/aubp.ch\/wp-content\/uploads\/2023\/09\/Capture-decran-2022-09-19-a-10.14.24.png 1826w\" data-sizes=\"auto\" data-orig-sizes=\"(max-width: 640px) 100vw, 1200px\" \/><\/a><\/span><\/div><\/div><\/div><div class=\"fusion-layout-column fusion_builder_column fusion-builder-column-2 fusion_builder_column_1_3 1_3 fusion-flex-column\" style=\"--awb-bg-size:cover;--awb-width-large:33.333333333333%;--awb-margin-top-large:0px;--awb-spacing-right-large:5.76%;--awb-margin-bottom-large:20px;--awb-spacing-left-large:5.76%;--awb-width-medium:33.333333333333%;--awb-order-medium:0;--awb-spacing-right-medium:5.76%;--awb-spacing-left-medium:5.76%;--awb-width-small:100%;--awb-order-small:0;--awb-spacing-right-small:1.92%;--awb-spacing-left-small:1.92%;\"><div class=\"fusion-column-wrapper fusion-column-has-shadow fusion-flex-justify-content-flex-start fusion-content-layout-column\"><div class=\"fusion-image-element \" style=\"--awb-caption-title-font-family:var(--h2_typography-font-family);--awb-caption-title-font-weight:var(--h2_typography-font-weight);--awb-caption-title-font-style:var(--h2_typography-font-style);--awb-caption-title-size:var(--h2_typography-font-size);--awb-caption-title-transform:var(--h2_typography-text-transform);--awb-caption-title-line-height:var(--h2_typography-line-height);--awb-caption-title-letter-spacing:var(--h2_typography-letter-spacing);\"><span class=\" fusion-imageframe imageframe-none imageframe-2 hover-type-none sticky\"><img decoding=\"async\" width=\"755\" height=\"800\" title=\"MARON-S_La-ptite-mouette\" src=\"https:\/\/aubp.ch\/wp-content\/uploads\/2024\/06\/MARON-S_La-ptite-mouette.png\" data-orig-src=\"https:\/\/aubp.ch\/wp-content\/uploads\/2024\/06\/MARON-S_La-ptite-mouette.png\" alt class=\"lazyload img-responsive wp-image-4860\" srcset=\"data:image\/svg+xml,%3Csvg%20xmlns%3D%27http%3A%2F%2Fwww.w3.org%2F2000%2Fsvg%27%20width%3D%27755%27%20height%3D%27800%27%20viewBox%3D%270%200%20755%20800%27%3E%3Crect%20width%3D%27755%27%20height%3D%27800%27%20fill-opacity%3D%220%22%2F%3E%3C%2Fsvg%3E\" data-srcset=\"https:\/\/aubp.ch\/wp-content\/uploads\/2024\/06\/MARON-S_La-ptite-mouette-200x212.png 200w, https:\/\/aubp.ch\/wp-content\/uploads\/2024\/06\/MARON-S_La-ptite-mouette-400x424.png 400w, https:\/\/aubp.ch\/wp-content\/uploads\/2024\/06\/MARON-S_La-ptite-mouette-600x636.png 600w, https:\/\/aubp.ch\/wp-content\/uploads\/2024\/06\/MARON-S_La-ptite-mouette.png 755w\" data-sizes=\"auto\" data-orig-sizes=\"(max-width: 640px) 100vw, 400px\" \/><\/span><\/div><\/div><\/div><\/div><\/div>\n","protected":false},"excerpt":{"rendered":"","protected":false},"author":4,"featured_media":0,"parent":2386,"menu_order":0,"comment_status":"closed","ping_status":"closed","template":"","meta":{"footnotes":""},"class_list":["post-2397","page","type-page","status-publish","hentry"],"_links":{"self":[{"href":"https:\/\/aubp.ch\/en\/wp-json\/wp\/v2\/pages\/2397","targetHints":{"allow":["GET"]}}],"collection":[{"href":"https:\/\/aubp.ch\/en\/wp-json\/wp\/v2\/pages"}],"about":[{"href":"https:\/\/aubp.ch\/en\/wp-json\/wp\/v2\/types\/page"}],"author":[{"embeddable":true,"href":"https:\/\/aubp.ch\/en\/wp-json\/wp\/v2\/users\/4"}],"replies":[{"embeddable":true,"href":"https:\/\/aubp.ch\/en\/wp-json\/wp\/v2\/comments?post=2397"}],"version-history":[{"count":5,"href":"https:\/\/aubp.ch\/en\/wp-json\/wp\/v2\/pages\/2397\/revisions"}],"predecessor-version":[{"id":4913,"href":"https:\/\/aubp.ch\/en\/wp-json\/wp\/v2\/pages\/2397\/revisions\/4913"}],"up":[{"embeddable":true,"href":"https:\/\/aubp.ch\/en\/wp-json\/wp\/v2\/pages\/2386"}],"wp:attachment":[{"href":"https:\/\/aubp.ch\/en\/wp-json\/wp\/v2\/media?parent=2397"}],"curies":[{"name":"wp","href":"https:\/\/api.w.org\/{rel}","templated":true}]}}